{"id":3822,"date":"2023-01-26T14:57:36","date_gmt":"2023-01-26T14:57:36","guid":{"rendered":"https:\/\/www.unitedwelsh.com\/cy\/?page_id=3822"},"modified":"2023-02-13T15:49:15","modified_gmt":"2023-02-13T15:49:15","slug":"fire-safety-2","status":"publish","type":"page","link":"https:\/\/www.unitedwelsh.com\/cy\/fire-safety-2\/","title":{"rendered":"Diogelwch t\u00e2n"},"content":{"rendered":"<h3><strong>Mae diogelwch t\u00e2n yn dra phwysig i ni yn United Welsh.<\/strong><\/h3>\n<p>Er mwyn eich cadw&#8217;n ddiogel os bydd t\u00e2n, mae&#8217;n bwysig gwybod y camau sylfaenol y mae angen i chi eu cymryd i wneud eich cartref yn fwy diogel ac i atal t\u00e2n:<\/p>\n<ul>\n<li>Cynlluniwch sut byddech chi&#8217;n dianc pe bai t\u00e2n. Os ydych chi&#8217;n byw mewn t\u0177, gwnewch gynllun dianc a&#8217;i rannu gyda&#8217;r teulu. Os ydych yn byw mewn bloc o fflatiau neu os oes gennych ardal gymunedol, dewch i wybod cynllun gwac\u00e1u eich adeilad<\/li>\n<li>Profwch eich larwm mwg yn rheolaidd i wneud yn si\u0175r ei fod yn gweithio a gwnewch yn si\u0175r bod pob aelod o&#8217;ch teulu yn gyfarwydd \u00e2&#8217;r sain<\/li>\n<li>Peidiwch \u00e2 gadael bwyd pan rydych yn coginio<\/li>\n<li>Sicrhewch nad yw canhwyllau ymlaen nac yn agos at unrhyw beth a allai fynd ar d\u00e2n<\/li>\n<li>Sicrhewch nad yw gwresogyddion wedi&#8217;u gorchuddio<\/li>\n<li>Defnyddiwch uchafswm o un plwg ym mhob soced a pheidiwch byth \u00e2&#8217;u defnyddio os ydynt yn wlyb<\/li>\n<li>Caewch bob drws, diffoddwch a thynnwch y plwg o&#8217;ch offer fel setiau teledu bob nos. Cadwch eich ff\u00f4n ac unrhyw gymhorthion symudedd gerllaw os oes eu hangen arnoch<\/li>\n<li>Diffoddwch a gwaredwch sigar\u00e9ts yn iawn a pheidiwch byth ag ysmygu yn y gwely<\/li>\n<li>Cadwch fatsis a thanwyr oddi wrth blant.<\/li>\n<\/ul>\n<p>Os oes gennych unrhyw bryderon am ddiogelwch t\u00e2n yn eich ardal chi, neu gwestiynau am beth i&#8217;w wneud os bydd t\u00e2n, <a href=\"https:\/\/www.unitedwelsh.com\/cy\/contact-5\/\">cysylltwch \u00e2 ni<\/a>. Bydd ein t\u00eem Cymdogaeth yn hapus i helpu.<\/p>\n<p>&nbsp;<\/p>\n<p><iframe loading=\"lazy\" src=\"https:\/\/www.youtube.com\/embed\/rS8O0_hY69Y\" width=\"560\" height=\"315\" frameborder=\"0\" allowfullscreen=\"allowfullscreen\"><\/iframe><\/p>\n","protected":false},"excerpt":{"rendered":"<p>Mae diogelwch t\u00e2n yn dra phwysig i ni yn United Welsh. Er mwyn eich cadw&#8217;n ddiogel os bydd t\u00e2n, mae&#8217;n bwysig gwybod y camau sylfaenol y mae angen i chi eu cymryd i wneud eich cartref yn fwy diogel ac i atal t\u00e2n: Cynlluniwch sut byddech chi&#8217;n dianc pe bai t\u00e2n. Os ydych chi&#8217;n byw [&hellip;]<\/p>\n","protected":false},"author":2,"featured_media":0,"parent":0,"menu_order":0,"comment_status":"closed","ping_status":"closed","template":"template-textpage.php","meta":{"_acf_changed":false,"footnotes":""},"class_list":["post-3822","page","type-page","status-publish","hentry"],"acf":[],"yoast_head":"<!-- This site is optimized with the Yoast SEO plugin v27.2 - https:\/\/yoast.com\/product\/yoast-seo-wordpress\/ -->\n<title>Diogelwch t\u00e2n - United Welsh Cymru<\/title>\n<meta name=\"description\" content=\"Mae diogelwch t\u00e2n yn dra phwysig i ni yn United Welsh. Er mwyn eich cadw&#039;n ddiogel os bydd t\u00e2n, mae&#039;n bwysig gwybod y camau sylfaenol y mae angen i chi eu cymryd i wneud eich cartref yn fwy diogel ac i atal t\u00e2n\" \/>\n<meta name=\"robots\" content=\"index, follow, max-snippet:-1, max-image-preview:large, max-video-preview:-1\" \/>\n<link rel=\"canonical\" href=\"https:\/\/www.unitedwelsh.com\/cy\/fire-safety-2\/\" \/>\n<meta property=\"og:locale\" content=\"en_GB\" \/>\n<meta property=\"og:type\" content=\"article\" \/>\n<meta property=\"og:title\" content=\"Diogelwch t\u00e2n - United Welsh Cymru\" \/>\n<meta property=\"og:description\" content=\"Mae diogelwch t\u00e2n yn dra phwysig i ni yn United Welsh. Er mwyn eich cadw&#039;n ddiogel os bydd t\u00e2n, mae&#039;n bwysig gwybod y camau sylfaenol y mae angen i chi eu cymryd i wneud eich cartref yn fwy diogel ac i atal t\u00e2n\" \/>\n<meta property=\"og:url\" content=\"https:\/\/www.unitedwelsh.com\/cy\/fire-safety-2\/\" \/>\n<meta property=\"og:site_name\" content=\"United Welsh Cymru\" \/>\n<meta property=\"article:modified_time\" content=\"2023-02-13T15:49:15+00:00\" \/>\n<meta name=\"twitter:card\" content=\"summary_large_image\" \/>\n<meta name=\"twitter:label1\" content=\"Estimated reading time\" \/>\n\t<meta name=\"twitter:data1\" content=\"2 minutes\" \/>\n<script type=\"application\/ld+json\" class=\"yoast-schema-graph\">{\"@context\":\"https:\/\/schema.org\",\"@graph\":[{\"@type\":\"WebPage\",\"@id\":\"https:\/\/www.unitedwelsh.com\/cy\/fire-safety-2\/\",\"url\":\"https:\/\/www.unitedwelsh.com\/cy\/fire-safety-2\/\",\"name\":\"Diogelwch t\u00e2n - United Welsh Cymru\",\"isPartOf\":{\"@id\":\"https:\/\/www.unitedwelsh.com\/cy\/#website\"},\"datePublished\":\"2023-01-26T14:57:36+00:00\",\"dateModified\":\"2023-02-13T15:49:15+00:00\",\"description\":\"Mae diogelwch t\u00e2n yn dra phwysig i ni yn United Welsh. Er mwyn eich cadw'n ddiogel os bydd t\u00e2n, mae'n bwysig gwybod y camau sylfaenol y mae angen i chi eu cymryd i wneud eich cartref yn fwy diogel ac i atal t\u00e2n\",\"inLanguage\":\"en-GB\",\"potentialAction\":[{\"@type\":\"ReadAction\",\"target\":[\"https:\/\/www.unitedwelsh.com\/cy\/fire-safety-2\/\"]}]},{\"@type\":\"WebSite\",\"@id\":\"https:\/\/www.unitedwelsh.com\/cy\/#website\",\"url\":\"https:\/\/www.unitedwelsh.com\/cy\/\",\"name\":\"United Welsh Cymru\",\"description\":\"United Welsh\",\"potentialAction\":[{\"@type\":\"SearchAction\",\"target\":{\"@type\":\"EntryPoint\",\"urlTemplate\":\"https:\/\/www.unitedwelsh.com\/cy\/?s={search_term_string}\"},\"query-input\":{\"@type\":\"PropertyValueSpecification\",\"valueRequired\":true,\"valueName\":\"search_term_string\"}}],\"inLanguage\":\"en-GB\"}]}<\/script>\n<!-- \/ Yoast SEO plugin. -->","yoast_head_json":{"title":"Diogelwch t\u00e2n - United Welsh Cymru","description":"Mae diogelwch t\u00e2n yn dra phwysig i ni yn United Welsh. Er mwyn eich cadw'n ddiogel os bydd t\u00e2n, mae'n bwysig gwybod y camau sylfaenol y mae angen i chi eu cymryd i wneud eich cartref yn fwy diogel ac i atal t\u00e2n","robots":{"index":"index","follow":"follow","max-snippet":"max-snippet:-1","max-image-preview":"max-image-preview:large","max-video-preview":"max-video-preview:-1"},"canonical":"https:\/\/www.unitedwelsh.com\/cy\/fire-safety-2\/","og_locale":"en_GB","og_type":"article","og_title":"Diogelwch t\u00e2n - United Welsh Cymru","og_description":"Mae diogelwch t\u00e2n yn dra phwysig i ni yn United Welsh. Er mwyn eich cadw'n ddiogel os bydd t\u00e2n, mae'n bwysig gwybod y camau sylfaenol y mae angen i chi eu cymryd i wneud eich cartref yn fwy diogel ac i atal t\u00e2n","og_url":"https:\/\/www.unitedwelsh.com\/cy\/fire-safety-2\/","og_site_name":"United Welsh Cymru","article_modified_time":"2023-02-13T15:49:15+00:00","twitter_card":"summary_large_image","twitter_misc":{"Estimated reading time":"2 minutes"},"schema":{"@context":"https:\/\/schema.org","@graph":[{"@type":"WebPage","@id":"https:\/\/www.unitedwelsh.com\/cy\/fire-safety-2\/","url":"https:\/\/www.unitedwelsh.com\/cy\/fire-safety-2\/","name":"Diogelwch t\u00e2n - United Welsh Cymru","isPartOf":{"@id":"https:\/\/www.unitedwelsh.com\/cy\/#website"},"datePublished":"2023-01-26T14:57:36+00:00","dateModified":"2023-02-13T15:49:15+00:00","description":"Mae diogelwch t\u00e2n yn dra phwysig i ni yn United Welsh. Er mwyn eich cadw'n ddiogel os bydd t\u00e2n, mae'n bwysig gwybod y camau sylfaenol y mae angen i chi eu cymryd i wneud eich cartref yn fwy diogel ac i atal t\u00e2n","inLanguage":"en-GB","potentialAction":[{"@type":"ReadAction","target":["https:\/\/www.unitedwelsh.com\/cy\/fire-safety-2\/"]}]},{"@type":"WebSite","@id":"https:\/\/www.unitedwelsh.com\/cy\/#website","url":"https:\/\/www.unitedwelsh.com\/cy\/","name":"United Welsh Cymru","description":"United Welsh","potentialAction":[{"@type":"SearchAction","target":{"@type":"EntryPoint","urlTemplate":"https:\/\/www.unitedwelsh.com\/cy\/?s={search_term_string}"},"query-input":{"@type":"PropertyValueSpecification","valueRequired":true,"valueName":"search_term_string"}}],"inLanguage":"en-GB"}]}},"_links":{"self":[{"href":"https:\/\/www.unitedwelsh.com\/cy\/wp-json\/wp\/v2\/pages\/3822","targetHints":{"allow":["GET"]}}],"collection":[{"href":"https:\/\/www.unitedwelsh.com\/cy\/wp-json\/wp\/v2\/pages"}],"about":[{"href":"https:\/\/www.unitedwelsh.com\/cy\/wp-json\/wp\/v2\/types\/page"}],"author":[{"embeddable":true,"href":"https:\/\/www.unitedwelsh.com\/cy\/wp-json\/wp\/v2\/users\/2"}],"replies":[{"embeddable":true,"href":"https:\/\/www.unitedwelsh.com\/cy\/wp-json\/wp\/v2\/comments?post=3822"}],"version-history":[{"count":6,"href":"https:\/\/www.unitedwelsh.com\/cy\/wp-json\/wp\/v2\/pages\/3822\/revisions"}],"predecessor-version":[{"id":3932,"href":"https:\/\/www.unitedwelsh.com\/cy\/wp-json\/wp\/v2\/pages\/3822\/revisions\/3932"}],"wp:attachment":[{"href":"https:\/\/www.unitedwelsh.com\/cy\/wp-json\/wp\/v2\/media?parent=3822"}],"curies":[{"name":"wp","href":"https:\/\/api.w.org\/{rel}","templated":true}]}}