{"id":2365,"date":"2021-11-24T14:19:35","date_gmt":"2021-11-24T14:19:35","guid":{"rendered":"https:\/\/www.unitedwelsh.com\/cy\/?page_id=2365"},"modified":"2025-10-24T16:50:38","modified_gmt":"2025-10-24T15:50:38","slug":"our-board","status":"publish","type":"page","link":"https:\/\/www.unitedwelsh.com\/cy\/our-board\/","title":{"rendered":"Our Board"},"content":{"rendered":"<p><strong>Mae Gr\u0175p United Welsh yn cael ei lywodraethu gan Fwrdd o aelodau anweithredol\u00a0ynghyd a\u00a0D\u00eem Gweithredol United Welsh.<\/strong><\/p>\n<p>Yr Aelodau Cyfranddaliad, sy&#8217;n ethol Bwrdd i oruchwylio rhedeg y Gymdeithas, sy&#8217;n berchen ar y Gymdeithas.<\/p>\n<p>Gall y Bwrdd sefydlu pwyllgorau i helpu gyda&#8217;i waith. Ar hyn o bryd mae gan United Welsh ddau bwyllgor &#8211; y Pwyllgor Archwilio a Risg a&#8217;r Pwyllgor Taliadau a Llywodraethu.<\/p>\n<p>Mae cyfrifoldeb am reoli United Welsh o ddydd i ddydd a gweithredu&#8217;r fframwaith polisi yn cael ei ddirprwyo i Brif Weithredwr y Gr\u0175p sydd \u00e2 Th\u00eem Gweithredol i helpu.<\/p>\n<p>&nbsp;<\/p>\n<h1>Dewch i gwrdd \u00e2&#8217;n Bwrdd<\/h1>\n","protected":false},"excerpt":{"rendered":"<p>Mae Gr\u0175p United Welsh yn cael ei lywodraethu gan Fwrdd o aelodau anweithredol\u00a0ynghyd a\u00a0D\u00eem Gweithredol United Welsh. Yr Aelodau Cyfranddaliad, sy&#8217;n ethol Bwrdd i oruchwylio rhedeg y Gymdeithas, sy&#8217;n berchen ar y Gymdeithas. Gall y Bwrdd sefydlu pwyllgorau i helpu gyda&#8217;i waith. Ar hyn o bryd mae gan United Welsh ddau bwyllgor &#8211; y Pwyllgor [&hellip;]<\/p>\n","protected":false},"author":2,"featured_media":0,"parent":0,"menu_order":0,"comment_status":"closed","ping_status":"closed","template":"template-textpage.php","meta":{"_acf_changed":false,"footnotes":""},"class_list":["post-2365","page","type-page","status-publish","hentry"],"acf":[],"yoast_head":"<!-- This site is optimized with the Yoast SEO plugin v27.4 - https:\/\/yoast.com\/product\/yoast-seo-wordpress\/ -->\n<title>Our Board - United Welsh Cymru<\/title>\n<meta name=\"description\" content=\"Mae Gr\u0175p United Welsh yn cael ei lywodraethu gan Fwrdd o aelodau anweithredol a thri aelod o D\u00eem Gweithredol United Welsh. Mae\u2019r Bwrdd yn gyfrifol am strategaeth a fframwaith polisi United Welsh.\" \/>\n<meta name=\"robots\" content=\"index, follow, max-snippet:-1, max-image-preview:large, max-video-preview:-1\" \/>\n<link rel=\"canonical\" href=\"https:\/\/www.unitedwelsh.com\/cy\/our-board\/\" \/>\n<meta property=\"og:locale\" content=\"en_GB\" \/>\n<meta property=\"og:type\" content=\"article\" \/>\n<meta property=\"og:title\" content=\"Our Board - United Welsh Cymru\" \/>\n<meta property=\"og:description\" content=\"Mae Gr\u0175p United Welsh yn cael ei lywodraethu gan Fwrdd o aelodau anweithredol a thri aelod o D\u00eem Gweithredol United Welsh. Mae\u2019r Bwrdd yn gyfrifol am strategaeth a fframwaith polisi United Welsh.\" \/>\n<meta property=\"og:url\" content=\"https:\/\/www.unitedwelsh.com\/cy\/our-board\/\" \/>\n<meta property=\"og:site_name\" content=\"United Welsh Cymru\" \/>\n<meta property=\"article:modified_time\" content=\"2025-10-24T15:50:38+00:00\" \/>\n<meta name=\"twitter:card\" content=\"summary_large_image\" \/>\n<meta name=\"twitter:label1\" content=\"Estimated reading time\" \/>\n\t<meta name=\"twitter:data1\" content=\"1 minute\" \/>\n<script type=\"application\/ld+json\" class=\"yoast-schema-graph\">{\"@context\":\"https:\\\/\\\/schema.org\",\"@graph\":[{\"@type\":\"WebPage\",\"@id\":\"https:\\\/\\\/www.unitedwelsh.com\\\/cy\\\/our-board\\\/\",\"url\":\"https:\\\/\\\/www.unitedwelsh.com\\\/cy\\\/our-board\\\/\",\"name\":\"Our Board - United Welsh Cymru\",\"isPartOf\":{\"@id\":\"https:\\\/\\\/www.unitedwelsh.com\\\/cy\\\/#website\"},\"datePublished\":\"2021-11-24T14:19:35+00:00\",\"dateModified\":\"2025-10-24T15:50:38+00:00\",\"description\":\"Mae Gr\u0175p United Welsh yn cael ei lywodraethu gan Fwrdd o aelodau anweithredol a thri aelod o D\u00eem Gweithredol United Welsh. Mae\u2019r Bwrdd yn gyfrifol am strategaeth a fframwaith polisi United Welsh.\",\"inLanguage\":\"en-GB\",\"potentialAction\":[{\"@type\":\"ReadAction\",\"target\":[\"https:\\\/\\\/www.unitedwelsh.com\\\/cy\\\/our-board\\\/\"]}]},{\"@type\":\"WebSite\",\"@id\":\"https:\\\/\\\/www.unitedwelsh.com\\\/cy\\\/#website\",\"url\":\"https:\\\/\\\/www.unitedwelsh.com\\\/cy\\\/\",\"name\":\"United Welsh Cymru\",\"description\":\"United Welsh\",\"potentialAction\":[{\"@type\":\"SearchAction\",\"target\":{\"@type\":\"EntryPoint\",\"urlTemplate\":\"https:\\\/\\\/www.unitedwelsh.com\\\/cy\\\/?s={search_term_string}\"},\"query-input\":{\"@type\":\"PropertyValueSpecification\",\"valueRequired\":true,\"valueName\":\"search_term_string\"}}],\"inLanguage\":\"en-GB\"}]}<\/script>\n<!-- \/ Yoast SEO plugin. -->","yoast_head_json":{"title":"Our Board - United Welsh Cymru","description":"Mae Gr\u0175p United Welsh yn cael ei lywodraethu gan Fwrdd o aelodau anweithredol a thri aelod o D\u00eem Gweithredol United Welsh. Mae\u2019r Bwrdd yn gyfrifol am strategaeth a fframwaith polisi United Welsh.","robots":{"index":"index","follow":"follow","max-snippet":"max-snippet:-1","max-image-preview":"max-image-preview:large","max-video-preview":"max-video-preview:-1"},"canonical":"https:\/\/www.unitedwelsh.com\/cy\/our-board\/","og_locale":"en_GB","og_type":"article","og_title":"Our Board - United Welsh Cymru","og_description":"Mae Gr\u0175p United Welsh yn cael ei lywodraethu gan Fwrdd o aelodau anweithredol a thri aelod o D\u00eem Gweithredol United Welsh. Mae\u2019r Bwrdd yn gyfrifol am strategaeth a fframwaith polisi United Welsh.","og_url":"https:\/\/www.unitedwelsh.com\/cy\/our-board\/","og_site_name":"United Welsh Cymru","article_modified_time":"2025-10-24T15:50:38+00:00","twitter_card":"summary_large_image","twitter_misc":{"Estimated reading time":"1 minute"},"schema":{"@context":"https:\/\/schema.org","@graph":[{"@type":"WebPage","@id":"https:\/\/www.unitedwelsh.com\/cy\/our-board\/","url":"https:\/\/www.unitedwelsh.com\/cy\/our-board\/","name":"Our Board - United Welsh Cymru","isPartOf":{"@id":"https:\/\/www.unitedwelsh.com\/cy\/#website"},"datePublished":"2021-11-24T14:19:35+00:00","dateModified":"2025-10-24T15:50:38+00:00","description":"Mae Gr\u0175p United Welsh yn cael ei lywodraethu gan Fwrdd o aelodau anweithredol a thri aelod o D\u00eem Gweithredol United Welsh. Mae\u2019r Bwrdd yn gyfrifol am strategaeth a fframwaith polisi United Welsh.","inLanguage":"en-GB","potentialAction":[{"@type":"ReadAction","target":["https:\/\/www.unitedwelsh.com\/cy\/our-board\/"]}]},{"@type":"WebSite","@id":"https:\/\/www.unitedwelsh.com\/cy\/#website","url":"https:\/\/www.unitedwelsh.com\/cy\/","name":"United Welsh Cymru","description":"United Welsh","potentialAction":[{"@type":"SearchAction","target":{"@type":"EntryPoint","urlTemplate":"https:\/\/www.unitedwelsh.com\/cy\/?s={search_term_string}"},"query-input":{"@type":"PropertyValueSpecification","valueRequired":true,"valueName":"search_term_string"}}],"inLanguage":"en-GB"}]}},"_links":{"self":[{"href":"https:\/\/www.unitedwelsh.com\/cy\/wp-json\/wp\/v2\/pages\/2365","targetHints":{"allow":["GET"]}}],"collection":[{"href":"https:\/\/www.unitedwelsh.com\/cy\/wp-json\/wp\/v2\/pages"}],"about":[{"href":"https:\/\/www.unitedwelsh.com\/cy\/wp-json\/wp\/v2\/types\/page"}],"author":[{"embeddable":true,"href":"https:\/\/www.unitedwelsh.com\/cy\/wp-json\/wp\/v2\/users\/2"}],"replies":[{"embeddable":true,"href":"https:\/\/www.unitedwelsh.com\/cy\/wp-json\/wp\/v2\/comments?post=2365"}],"version-history":[{"count":19,"href":"https:\/\/www.unitedwelsh.com\/cy\/wp-json\/wp\/v2\/pages\/2365\/revisions"}],"predecessor-version":[{"id":5193,"href":"https:\/\/www.unitedwelsh.com\/cy\/wp-json\/wp\/v2\/pages\/2365\/revisions\/5193"}],"wp:attachment":[{"href":"https:\/\/www.unitedwelsh.com\/cy\/wp-json\/wp\/v2\/media?parent=2365"}],"curies":[{"name":"wp","href":"https:\/\/api.w.org\/{rel}","templated":true}]}}