{"id":2042,"date":"2021-09-09T14:59:44","date_gmt":"2021-09-09T13:59:44","guid":{"rendered":"https:\/\/www.unitedwelsh.com\/cy\/?page_id=2042"},"modified":"2021-12-07T10:27:24","modified_gmt":"2021-12-07T10:27:24","slug":"living-well","status":"publish","type":"page","link":"https:\/\/www.unitedwelsh.com\/cy\/living-well\/","title":{"rendered":"Byw&#8217;n Dda"},"content":{"rendered":"<h4>Thrive yw gwasanaeth llety a chymorth arbenigol United Welsh. Mae ein t\u00eem Byw\u2019n Dda yn gweithio fel rhan o Thrive, gan ddarparu cartrefi a gwasanaethau gwych i dros 800 o denantiaid United Welsh 55 oed a h\u0177n ar ffurf fflatiau, byngalos, llety cysgodol a chyfleusterau gofal ychwanegol.<\/h4>\n<p>Mae ein t\u00eem yma i helpu tenantiaid h\u0177n i fyw&#8217;n dda mewn diogelwch, hapusrwydd ac iechyd da.<\/p>\n<div style=\"width: 1280px;\" class=\"wp-video\"><video class=\"wp-video-shortcode\" id=\"video-2042-1\" width=\"1280\" height=\"724\" preload=\"metadata\" controls=\"controls\"><source type=\"video\/mp4\" src=\"http:\/\/www.unitedwelsh.com\/wp-content\/uploads\/2021\/04\/Living-Well-November-2020.mp4?_=1\" \/><a href=\"http:\/\/www.unitedwelsh.com\/wp-content\/uploads\/2021\/04\/Living-Well-November-2020.mp4\">http:\/\/www.unitedwelsh.com\/wp-content\/uploads\/2021\/04\/Living-Well-November-2020.mp4<\/a><\/video><\/div>\n<p>&nbsp;<\/p>\n<p>Gyda&#8217;n Cydlynwyr Tai, cefnogir tenantiaid sy&#8217;n byw yn ein cynlluniau Byw&#8217;n Dda i fyw&#8217;n annibynnol, cynnal eu tenantiaethau a gwneud y gorau o&#8217;u lles.<\/p>\n<p>Mae gan lawer o gynlluniau gyfleusterau cymunedol fel lolfa preswylwyr a gerddi lle gall pobl wneud ffrindiau a mwynhau gweithgareddau cymdeithasol.<\/p>\n<h5>Darganfyddwch fwy am y cartrefi Byw&#8217;n Dda rydyn ni&#8217;n eu cynnig isod.<\/h5>\n<p>&nbsp;<\/p>\n","protected":false},"excerpt":{"rendered":"<p>Thrive yw gwasanaeth llety a chymorth arbenigol United Welsh. Mae ein t\u00eem Byw\u2019n Dda yn gweithio fel rhan o Thrive, gan ddarparu cartrefi a gwasanaethau gwych i dros 800 o denantiaid United Welsh 55 oed a h\u0177n ar ffurf fflatiau, byngalos, llety cysgodol a chyfleusterau gofal ychwanegol. Mae ein t\u00eem yma i helpu tenantiaid h\u0177n [&hellip;]<\/p>\n","protected":false},"author":2,"featured_media":0,"parent":0,"menu_order":0,"comment_status":"closed","ping_status":"closed","template":"template-textpage.php","meta":{"_acf_changed":false,"footnotes":""},"class_list":["post-2042","page","type-page","status-publish","hentry"],"acf":[],"yoast_head":"<!-- This site is optimized with the Yoast SEO plugin v27.2 - https:\/\/yoast.com\/product\/yoast-seo-wordpress\/ -->\n<title>Byw&#039;n Dda - United Welsh Cymru<\/title>\n<meta name=\"description\" content=\"United Welsh offers sheltered housing that is purpose-built accommodation for people over the age of 55, although people over 50 with support needs may be eligible.\" \/>\n<meta name=\"robots\" content=\"index, follow, max-snippet:-1, max-image-preview:large, max-video-preview:-1\" \/>\n<link rel=\"canonical\" href=\"https:\/\/www.unitedwelsh.com\/cy\/living-well\/\" \/>\n<meta property=\"og:locale\" content=\"en_GB\" \/>\n<meta property=\"og:type\" content=\"article\" \/>\n<meta property=\"og:title\" content=\"Byw&#039;n Dda - United Welsh Cymru\" \/>\n<meta property=\"og:description\" content=\"United Welsh offers sheltered housing that is purpose-built accommodation for people over the age of 55, although people over 50 with support needs may be eligible.\" \/>\n<meta property=\"og:url\" content=\"https:\/\/www.unitedwelsh.com\/cy\/living-well\/\" \/>\n<meta property=\"og:site_name\" content=\"United Welsh Cymru\" \/>\n<meta property=\"article:modified_time\" content=\"2021-12-07T10:27:24+00:00\" \/>\n<meta name=\"twitter:card\" content=\"summary_large_image\" \/>\n<meta name=\"twitter:label1\" content=\"Estimated reading time\" \/>\n\t<meta name=\"twitter:data1\" content=\"1 minute\" \/>\n<script type=\"application\/ld+json\" class=\"yoast-schema-graph\">{\"@context\":\"https:\/\/schema.org\",\"@graph\":[{\"@type\":\"WebPage\",\"@id\":\"https:\/\/www.unitedwelsh.com\/cy\/living-well\/\",\"url\":\"https:\/\/www.unitedwelsh.com\/cy\/living-well\/\",\"name\":\"Byw'n Dda - United Welsh Cymru\",\"isPartOf\":{\"@id\":\"https:\/\/www.unitedwelsh.com\/cy\/#website\"},\"datePublished\":\"2021-09-09T13:59:44+00:00\",\"dateModified\":\"2021-12-07T10:27:24+00:00\",\"description\":\"United Welsh offers sheltered housing that is purpose-built accommodation for people over the age of 55, although people over 50 with support needs may be eligible.\",\"inLanguage\":\"en-GB\",\"potentialAction\":[{\"@type\":\"ReadAction\",\"target\":[\"https:\/\/www.unitedwelsh.com\/cy\/living-well\/\"]}]},{\"@type\":\"WebSite\",\"@id\":\"https:\/\/www.unitedwelsh.com\/cy\/#website\",\"url\":\"https:\/\/www.unitedwelsh.com\/cy\/\",\"name\":\"United Welsh Cymru\",\"description\":\"United Welsh\",\"potentialAction\":[{\"@type\":\"SearchAction\",\"target\":{\"@type\":\"EntryPoint\",\"urlTemplate\":\"https:\/\/www.unitedwelsh.com\/cy\/?s={search_term_string}\"},\"query-input\":{\"@type\":\"PropertyValueSpecification\",\"valueRequired\":true,\"valueName\":\"search_term_string\"}}],\"inLanguage\":\"en-GB\"}]}<\/script>\n<!-- \/ Yoast SEO plugin. -->","yoast_head_json":{"title":"Byw'n Dda - United Welsh Cymru","description":"United Welsh offers sheltered housing that is purpose-built accommodation for people over the age of 55, although people over 50 with support needs may be eligible.","robots":{"index":"index","follow":"follow","max-snippet":"max-snippet:-1","max-image-preview":"max-image-preview:large","max-video-preview":"max-video-preview:-1"},"canonical":"https:\/\/www.unitedwelsh.com\/cy\/living-well\/","og_locale":"en_GB","og_type":"article","og_title":"Byw'n Dda - United Welsh Cymru","og_description":"United Welsh offers sheltered housing that is purpose-built accommodation for people over the age of 55, although people over 50 with support needs may be eligible.","og_url":"https:\/\/www.unitedwelsh.com\/cy\/living-well\/","og_site_name":"United Welsh Cymru","article_modified_time":"2021-12-07T10:27:24+00:00","twitter_card":"summary_large_image","twitter_misc":{"Estimated reading time":"1 minute"},"schema":{"@context":"https:\/\/schema.org","@graph":[{"@type":"WebPage","@id":"https:\/\/www.unitedwelsh.com\/cy\/living-well\/","url":"https:\/\/www.unitedwelsh.com\/cy\/living-well\/","name":"Byw'n Dda - United Welsh Cymru","isPartOf":{"@id":"https:\/\/www.unitedwelsh.com\/cy\/#website"},"datePublished":"2021-09-09T13:59:44+00:00","dateModified":"2021-12-07T10:27:24+00:00","description":"United Welsh offers sheltered housing that is purpose-built accommodation for people over the age of 55, although people over 50 with support needs may be eligible.","inLanguage":"en-GB","potentialAction":[{"@type":"ReadAction","target":["https:\/\/www.unitedwelsh.com\/cy\/living-well\/"]}]},{"@type":"WebSite","@id":"https:\/\/www.unitedwelsh.com\/cy\/#website","url":"https:\/\/www.unitedwelsh.com\/cy\/","name":"United Welsh Cymru","description":"United Welsh","potentialAction":[{"@type":"SearchAction","target":{"@type":"EntryPoint","urlTemplate":"https:\/\/www.unitedwelsh.com\/cy\/?s={search_term_string}"},"query-input":{"@type":"PropertyValueSpecification","valueRequired":true,"valueName":"search_term_string"}}],"inLanguage":"en-GB"}]}},"_links":{"self":[{"href":"https:\/\/www.unitedwelsh.com\/cy\/wp-json\/wp\/v2\/pages\/2042","targetHints":{"allow":["GET"]}}],"collection":[{"href":"https:\/\/www.unitedwelsh.com\/cy\/wp-json\/wp\/v2\/pages"}],"about":[{"href":"https:\/\/www.unitedwelsh.com\/cy\/wp-json\/wp\/v2\/types\/page"}],"author":[{"embeddable":true,"href":"https:\/\/www.unitedwelsh.com\/cy\/wp-json\/wp\/v2\/users\/2"}],"replies":[{"embeddable":true,"href":"https:\/\/www.unitedwelsh.com\/cy\/wp-json\/wp\/v2\/comments?post=2042"}],"version-history":[{"count":11,"href":"https:\/\/www.unitedwelsh.com\/cy\/wp-json\/wp\/v2\/pages\/2042\/revisions"}],"predecessor-version":[{"id":2600,"href":"https:\/\/www.unitedwelsh.com\/cy\/wp-json\/wp\/v2\/pages\/2042\/revisions\/2600"}],"wp:attachment":[{"href":"https:\/\/www.unitedwelsh.com\/cy\/wp-json\/wp\/v2\/media?parent=2042"}],"curies":[{"name":"wp","href":"https:\/\/api.w.org\/{rel}","templated":true}]}}