{"id":1558,"date":"2020-10-06T18:57:33","date_gmt":"2020-10-06T17:57:33","guid":{"rendered":"https:\/\/www.unitedwelsh.com\/cy\/?page_id=1558"},"modified":"2020-10-06T18:57:33","modified_gmt":"2020-10-06T17:57:33","slug":"the-northlands-life-house-cardiff","status":"publish","type":"page","link":"https:\/\/www.unitedwelsh.com\/cy\/the-northlands-life-house-cardiff\/","title":{"rendered":"The Northlands Lifehouse, Cardiff"},"content":{"rendered":"<h5><img loading=\"lazy\" decoding=\"async\" class=\"aligncenter size-medium wp-image-1559\" src=\"https:\/\/www.unitedwelsh.com\/cy\/cy\/wp-content\/uploads\/sites\/3\/2020\/10\/Northlands-New-300x199.png\" alt=\"Northlands Lifehouse, Cardiff United Welsh\" width=\"300\" height=\"199\" srcset=\"https:\/\/www.unitedwelsh.com\/cy\/wp-content\/uploads\/sites\/3\/2020\/10\/Northlands-New-300x199.png 300w, https:\/\/www.unitedwelsh.com\/cy\/wp-content\/uploads\/sites\/3\/2020\/10\/Northlands-New.png 755w\" sizes=\"auto, (max-width: 300px) 100vw, 300px\" \/><\/h5>\n<p>Mae Canolfan &#8216;Lifehouse&#8217; Northlands Byddin yr Iachawdwriaeth wedi rhoi dechrau newydd i bobl ifanc ddigartref yng Nghaerdydd. Mae&#8217;r ganolfan, sy&#8217;n fwy na hostel, yn galluogi pobl i adfer eu bywydau drwy gynnig gweithgareddau a hyfforddiant i&#8217;w helpu i wella eu hunan-barch, eu hiechyd meddwl a&#8217;u rhagolygon am waith.<\/p>\n<p>Mae&#8217;r ganolfan newydd, a ddarperir gan United Welsh, yn rhoi cymorth y mae angen dybryd amdano i bobl ifanc rhwng 16 a 25 oed. Ei nod yw eu helpu i adsefydlu&#8217;n llwyddiannus ac mewn ffordd gynaliadwy mewn llety priodol. Mae&#8217;r adeilad newydd wedi golygu bod modd moderneiddio&#8217;r gwasanaethau a ddarperir, gan ddarparu ardal hyfforddi benodedig ar gyfer rhaglen helaeth Byddin yr Iachawdwriaeth i feithrin sgiliau a hyder ac i ennill cymwysterau gwerthfawr a phrofiad gwaith gwirfoddol.<\/p>\n<p>Mae&#8217;r adeilad yn cynnwys 26 o ystafelloedd gwely (15 i bobl ifanc 18-25 oed ac 11 i bobl ifanc 16-17 oed). Mae&#8217;r 26 o ystafelloedd gwely wedi&#8217;u trefnu dros dair lefel yn glystyrau o 4-6 ystafell, gan gynnwys y rheiny \u00e2 mynediad i&#8217;r anabl. Mae&#8217;r clystyrau naill ai&#8217;n rhai hunanarlwyo, gyda cheginau bach a lolfa a rennir, neu&#8217;n rhannu ystafell fyw\/ystafell fwyta\/cegin. Yn ogystal \u00e2 grwpio pobl yn \u00f4l oedran, diben y dull gweithredu hwn yw mynd i&#8217;r afael \u00e2 dibyniaethau gwahanol pobl ifanc ac atal bwlio.. Dim ond staff a&#8217;r rhai sy&#8217;n perthyn i&#8217;r clwstwr a all gael mynediad i bob clwstwr, sy&#8217;n rhoi tawelwch meddwl i&#8217;r bobl ifanc ac yn annog cydberthnasau cefnogol rhwng cyfoedion.<\/p>\n<p>Bu ffocws ar ddarparu&#8217;r cyfleusterau ar raddfa ddomestig. Mae ystafelloedd cawod <em>en-suite<\/em> ym mhob un o&#8217;r ystafelloedd gwely, ar ffurf &#8216;podiau&#8217; parod, ynghyd \u00e2 desgiau astudio a storfa ddillad, yn debyg iawn i nifer o ystafelloedd gwely astudio prifysgolion.<\/p>\n<p>Mae&#8217;r ganolfan yn rhoi gobaith i bobl ifanc nad oes ganddynt yn aml unrhyw le arall i droi. Mae&#8217;r adeilad yn fwy na rhywle i aros. Mae&#8217;r cymorth a&#8217;r llety&#8217;n mynd law yn llaw er mwyn helpu pobl ifanc i adfer eu hyder; dysgu a datblygu sgiliau newydd a gwella eu rhagolygon am waith.<\/p>\n","protected":false},"excerpt":{"rendered":"<p>Mae Canolfan &#8216;Lifehouse&#8217; Northlands Byddin yr Iachawdwriaeth wedi rhoi dechrau newydd i bobl ifanc ddigartref yng Nghaerdydd. Mae&#8217;r ganolfan, sy&#8217;n fwy na hostel, yn galluogi pobl i adfer eu bywydau drwy gynnig gweithgareddau a hyfforddiant i&#8217;w helpu i wella eu hunan-barch, eu hiechyd meddwl a&#8217;u rhagolygon am waith. Mae&#8217;r ganolfan newydd, a ddarperir gan United [&hellip;]<\/p>\n","protected":false},"author":4,"featured_media":0,"parent":0,"menu_order":0,"comment_status":"closed","ping_status":"closed","template":"template-textpage.php","meta":{"_acf_changed":false,"footnotes":""},"class_list":["post-1558","page","type-page","status-publish","hentry"],"acf":[],"yoast_head":"<!-- This site is optimized with the Yoast SEO plugin v27.4 - https:\/\/yoast.com\/product\/yoast-seo-wordpress\/ -->\n<title>The Northlands Lifehouse, Cardiff - United Welsh Cymru<\/title>\n<meta name=\"description\" content=\"The Salvation Army Northlands \u2018Lifehouse\u2019 has heralded a new start for homeless young people in Cardiff. Delivered by United Welsh, the centre provides much needed support to young people aged between 16 and 25.\" \/>\n<meta name=\"robots\" content=\"index, follow, max-snippet:-1, max-image-preview:large, max-video-preview:-1\" \/>\n<link rel=\"canonical\" href=\"https:\/\/www.unitedwelsh.com\/cy\/the-northlands-life-house-cardiff\/\" \/>\n<meta property=\"og:locale\" content=\"en_GB\" \/>\n<meta property=\"og:type\" content=\"article\" \/>\n<meta property=\"og:title\" content=\"The Northlands Lifehouse, Cardiff - United Welsh Cymru\" \/>\n<meta property=\"og:description\" content=\"The Salvation Army Northlands \u2018Lifehouse\u2019 has heralded a new start for homeless young people in Cardiff. Delivered by United Welsh, the centre provides much needed support to young people aged between 16 and 25.\" \/>\n<meta property=\"og:url\" content=\"https:\/\/www.unitedwelsh.com\/cy\/the-northlands-life-house-cardiff\/\" \/>\n<meta property=\"og:site_name\" content=\"United Welsh Cymru\" \/>\n<meta property=\"og:image\" content=\"https:\/\/www.unitedwelsh.com\/cy\/cy\/wp-content\/uploads\/sites\/3\/2020\/10\/Northlands-New-300x199.png\" \/>\n<meta name=\"twitter:card\" content=\"summary_large_image\" \/>\n<meta name=\"twitter:label1\" content=\"Estimated reading time\" \/>\n\t<meta name=\"twitter:data1\" content=\"2 minutes\" \/>\n<script type=\"application\/ld+json\" class=\"yoast-schema-graph\">{\"@context\":\"https:\\\/\\\/schema.org\",\"@graph\":[{\"@type\":\"WebPage\",\"@id\":\"https:\\\/\\\/www.unitedwelsh.com\\\/cy\\\/the-northlands-life-house-cardiff\\\/\",\"url\":\"https:\\\/\\\/www.unitedwelsh.com\\\/cy\\\/the-northlands-life-house-cardiff\\\/\",\"name\":\"The Northlands Lifehouse, Cardiff - United Welsh Cymru\",\"isPartOf\":{\"@id\":\"https:\\\/\\\/www.unitedwelsh.com\\\/cy\\\/#website\"},\"primaryImageOfPage\":{\"@id\":\"https:\\\/\\\/www.unitedwelsh.com\\\/cy\\\/the-northlands-life-house-cardiff\\\/#primaryimage\"},\"image\":{\"@id\":\"https:\\\/\\\/www.unitedwelsh.com\\\/cy\\\/the-northlands-life-house-cardiff\\\/#primaryimage\"},\"thumbnailUrl\":\"https:\\\/\\\/www.unitedwelsh.com\\\/cy\\\/cy\\\/wp-content\\\/uploads\\\/sites\\\/3\\\/2020\\\/10\\\/Northlands-New-300x199.png\",\"datePublished\":\"2020-10-06T17:57:33+00:00\",\"description\":\"The Salvation Army Northlands \u2018Lifehouse\u2019 has heralded a new start for homeless young people in Cardiff. Delivered by United Welsh, the centre provides much needed support to young people aged between 16 and 25.\",\"inLanguage\":\"en-GB\",\"potentialAction\":[{\"@type\":\"ReadAction\",\"target\":[\"https:\\\/\\\/www.unitedwelsh.com\\\/cy\\\/the-northlands-life-house-cardiff\\\/\"]}]},{\"@type\":\"ImageObject\",\"inLanguage\":\"en-GB\",\"@id\":\"https:\\\/\\\/www.unitedwelsh.com\\\/cy\\\/the-northlands-life-house-cardiff\\\/#primaryimage\",\"url\":\"https:\\\/\\\/www.unitedwelsh.com\\\/cy\\\/cy\\\/wp-content\\\/uploads\\\/sites\\\/3\\\/2020\\\/10\\\/Northlands-New-300x199.png\",\"contentUrl\":\"https:\\\/\\\/www.unitedwelsh.com\\\/cy\\\/cy\\\/wp-content\\\/uploads\\\/sites\\\/3\\\/2020\\\/10\\\/Northlands-New-300x199.png\"},{\"@type\":\"WebSite\",\"@id\":\"https:\\\/\\\/www.unitedwelsh.com\\\/cy\\\/#website\",\"url\":\"https:\\\/\\\/www.unitedwelsh.com\\\/cy\\\/\",\"name\":\"United Welsh Cymru\",\"description\":\"United Welsh\",\"potentialAction\":[{\"@type\":\"SearchAction\",\"target\":{\"@type\":\"EntryPoint\",\"urlTemplate\":\"https:\\\/\\\/www.unitedwelsh.com\\\/cy\\\/?s={search_term_string}\"},\"query-input\":{\"@type\":\"PropertyValueSpecification\",\"valueRequired\":true,\"valueName\":\"search_term_string\"}}],\"inLanguage\":\"en-GB\"}]}<\/script>\n<!-- \/ Yoast SEO plugin. -->","yoast_head_json":{"title":"The Northlands Lifehouse, Cardiff - United Welsh Cymru","description":"The Salvation Army Northlands \u2018Lifehouse\u2019 has heralded a new start for homeless young people in Cardiff. Delivered by United Welsh, the centre provides much needed support to young people aged between 16 and 25.","robots":{"index":"index","follow":"follow","max-snippet":"max-snippet:-1","max-image-preview":"max-image-preview:large","max-video-preview":"max-video-preview:-1"},"canonical":"https:\/\/www.unitedwelsh.com\/cy\/the-northlands-life-house-cardiff\/","og_locale":"en_GB","og_type":"article","og_title":"The Northlands Lifehouse, Cardiff - United Welsh Cymru","og_description":"The Salvation Army Northlands \u2018Lifehouse\u2019 has heralded a new start for homeless young people in Cardiff. Delivered by United Welsh, the centre provides much needed support to young people aged between 16 and 25.","og_url":"https:\/\/www.unitedwelsh.com\/cy\/the-northlands-life-house-cardiff\/","og_site_name":"United Welsh Cymru","og_image":[{"url":"https:\/\/www.unitedwelsh.com\/cy\/cy\/wp-content\/uploads\/sites\/3\/2020\/10\/Northlands-New-300x199.png","type":"","width":"","height":""}],"twitter_card":"summary_large_image","twitter_misc":{"Estimated reading time":"2 minutes"},"schema":{"@context":"https:\/\/schema.org","@graph":[{"@type":"WebPage","@id":"https:\/\/www.unitedwelsh.com\/cy\/the-northlands-life-house-cardiff\/","url":"https:\/\/www.unitedwelsh.com\/cy\/the-northlands-life-house-cardiff\/","name":"The Northlands Lifehouse, Cardiff - United Welsh Cymru","isPartOf":{"@id":"https:\/\/www.unitedwelsh.com\/cy\/#website"},"primaryImageOfPage":{"@id":"https:\/\/www.unitedwelsh.com\/cy\/the-northlands-life-house-cardiff\/#primaryimage"},"image":{"@id":"https:\/\/www.unitedwelsh.com\/cy\/the-northlands-life-house-cardiff\/#primaryimage"},"thumbnailUrl":"https:\/\/www.unitedwelsh.com\/cy\/cy\/wp-content\/uploads\/sites\/3\/2020\/10\/Northlands-New-300x199.png","datePublished":"2020-10-06T17:57:33+00:00","description":"The Salvation Army Northlands \u2018Lifehouse\u2019 has heralded a new start for homeless young people in Cardiff. Delivered by United Welsh, the centre provides much needed support to young people aged between 16 and 25.","inLanguage":"en-GB","potentialAction":[{"@type":"ReadAction","target":["https:\/\/www.unitedwelsh.com\/cy\/the-northlands-life-house-cardiff\/"]}]},{"@type":"ImageObject","inLanguage":"en-GB","@id":"https:\/\/www.unitedwelsh.com\/cy\/the-northlands-life-house-cardiff\/#primaryimage","url":"https:\/\/www.unitedwelsh.com\/cy\/cy\/wp-content\/uploads\/sites\/3\/2020\/10\/Northlands-New-300x199.png","contentUrl":"https:\/\/www.unitedwelsh.com\/cy\/cy\/wp-content\/uploads\/sites\/3\/2020\/10\/Northlands-New-300x199.png"},{"@type":"WebSite","@id":"https:\/\/www.unitedwelsh.com\/cy\/#website","url":"https:\/\/www.unitedwelsh.com\/cy\/","name":"United Welsh Cymru","description":"United Welsh","potentialAction":[{"@type":"SearchAction","target":{"@type":"EntryPoint","urlTemplate":"https:\/\/www.unitedwelsh.com\/cy\/?s={search_term_string}"},"query-input":{"@type":"PropertyValueSpecification","valueRequired":true,"valueName":"search_term_string"}}],"inLanguage":"en-GB"}]}},"_links":{"self":[{"href":"https:\/\/www.unitedwelsh.com\/cy\/wp-json\/wp\/v2\/pages\/1558","targetHints":{"allow":["GET"]}}],"collection":[{"href":"https:\/\/www.unitedwelsh.com\/cy\/wp-json\/wp\/v2\/pages"}],"about":[{"href":"https:\/\/www.unitedwelsh.com\/cy\/wp-json\/wp\/v2\/types\/page"}],"author":[{"embeddable":true,"href":"https:\/\/www.unitedwelsh.com\/cy\/wp-json\/wp\/v2\/users\/4"}],"replies":[{"embeddable":true,"href":"https:\/\/www.unitedwelsh.com\/cy\/wp-json\/wp\/v2\/comments?post=1558"}],"version-history":[{"count":2,"href":"https:\/\/www.unitedwelsh.com\/cy\/wp-json\/wp\/v2\/pages\/1558\/revisions"}],"predecessor-version":[{"id":1561,"href":"https:\/\/www.unitedwelsh.com\/cy\/wp-json\/wp\/v2\/pages\/1558\/revisions\/1561"}],"wp:attachment":[{"href":"https:\/\/www.unitedwelsh.com\/cy\/wp-json\/wp\/v2\/media?parent=1558"}],"curies":[{"name":"wp","href":"https:\/\/api.w.org\/{rel}","templated":true}]}}