{"id":1413,"date":"2020-10-06T10:01:18","date_gmt":"2020-10-06T09:01:18","guid":{"rendered":"https:\/\/www.unitedwelsh.com\/cy\/?page_id=1413"},"modified":"2020-10-07T11:58:22","modified_gmt":"2020-10-07T10:58:22","slug":"glan-yr-afon-new-tredegar","status":"publish","type":"page","link":"https:\/\/www.unitedwelsh.com\/cy\/glan-yr-afon-new-tredegar\/","title":{"rendered":"Glan Yr Afon, New Tredegar"},"content":{"rendered":"<h5><img loading=\"lazy\" decoding=\"async\" class=\"aligncenter size-medium wp-image-1414\" src=\"https:\/\/www.unitedwelsh.com\/cy\/cy\/wp-content\/uploads\/sites\/3\/2020\/10\/Glan-Yr-Afon-new-300x191.png\" alt=\"Glan Yr Afon New Tredegar United Welsh\" width=\"300\" height=\"191\" srcset=\"https:\/\/www.unitedwelsh.com\/cy\/wp-content\/uploads\/sites\/3\/2020\/10\/Glan-Yr-Afon-new-300x191.png 300w, https:\/\/www.unitedwelsh.com\/cy\/wp-content\/uploads\/sites\/3\/2020\/10\/Glan-Yr-Afon-new-1024x652.png 1024w, https:\/\/www.unitedwelsh.com\/cy\/wp-content\/uploads\/sites\/3\/2020\/10\/Glan-Yr-Afon-new-768x489.png 768w, https:\/\/www.unitedwelsh.com\/cy\/wp-content\/uploads\/sites\/3\/2020\/10\/Glan-Yr-Afon-new.png 1411w\" sizes=\"auto, (max-width: 300px) 100vw, 300px\" \/><\/h5>\n<h5><strong>Glan yr Afon, Ruperra Street, Tredegar Newydd, NP24 6AR<\/strong><\/h5>\n<p>Mae Glan-yr-Afon yn darparu cartrefi i bobl h\u0177n yn Nhredegar Newydd gyda&#8217;n t\u00eem <a href=\"https:\/\/www.unitedwelsh.com\/cy\/thriveunitedwelsh-2\/\">Thrive team<\/a> yn United Welsh.<\/p>\n<ul>\n<li>40 o fflatiau (28 \u00e2 chymorth, 12 bloc unigol) \u2013 cymysgedd o rhai un a dwy ystafell wely<\/li>\n<li>Adeiladwyd yn 1986<\/li>\n<li>Rheolwr y Cynllun ar y safle bob dydd (o ddydd Llun i ddydd Gwener)<\/li>\n<li>Larwm argyfwng<\/li>\n<li>Lolfa gymunedol, golchdy, ystafell wely i westeion a gerddi<\/li>\n<li>Ystafell TG<\/li>\n<li>Lleoedd parcio ar y safle<\/li>\n<li>Hygyrchedd \u2013 mynediad drwy fryn serth o&#8217;r pentref. Hygyrch ar y llawr gwaelod, ond dim lifft<\/li>\n<li>Pellteroedd: safle bws, siop a swyddfa&#8217;r post \u2013 100 llath, meddyg teulu a llyfrgell\/canolfan gymunedol \u2013 milltir<\/li>\n<li>Cymhwysedd: Rhoddir blaenoriaeth i bobl 55+ oed. Caiff pobl 50+ oed ag anghenion cymorth eu hystyried.<\/li>\n<\/ul>\n","protected":false},"excerpt":{"rendered":"<p>Glan yr Afon, Ruperra Street, Tredegar Newydd, NP24 6AR Mae Glan-yr-Afon yn darparu cartrefi i bobl h\u0177n yn Nhredegar Newydd gyda&#8217;n t\u00eem Thrive team yn United Welsh. 40 o fflatiau (28 \u00e2 chymorth, 12 bloc unigol) \u2013 cymysgedd o rhai un a dwy ystafell wely Adeiladwyd yn 1986 Rheolwr y Cynllun ar y safle bob [&hellip;]<\/p>\n","protected":false},"author":4,"featured_media":0,"parent":0,"menu_order":0,"comment_status":"closed","ping_status":"closed","template":"template-textpage.php","meta":{"_acf_changed":false,"footnotes":""},"class_list":["post-1413","page","type-page","status-publish","hentry"],"acf":[],"yoast_head":"<!-- This site is optimized with the Yoast SEO plugin v27.2 - https:\/\/yoast.com\/product\/yoast-seo-wordpress\/ -->\n<title>Glan Yr Afon, New Tredegar - United Welsh Cymru<\/title>\n<meta name=\"description\" content=\"Glan yr Afon provides homes for older people in New Tredegar with the Thrive team at United Welsh.\" \/>\n<meta name=\"robots\" content=\"index, follow, max-snippet:-1, max-image-preview:large, max-video-preview:-1\" \/>\n<link rel=\"canonical\" href=\"https:\/\/www.unitedwelsh.com\/cy\/glan-yr-afon-new-tredegar\/\" \/>\n<meta property=\"og:locale\" content=\"en_GB\" \/>\n<meta property=\"og:type\" content=\"article\" \/>\n<meta property=\"og:title\" content=\"Glan Yr Afon, New Tredegar - United Welsh Cymru\" \/>\n<meta property=\"og:description\" content=\"Glan yr Afon provides homes for older people in New Tredegar with the Thrive team at United Welsh.\" \/>\n<meta property=\"og:url\" content=\"https:\/\/www.unitedwelsh.com\/cy\/glan-yr-afon-new-tredegar\/\" \/>\n<meta property=\"og:site_name\" content=\"United Welsh Cymru\" \/>\n<meta property=\"article:modified_time\" content=\"2020-10-07T10:58:22+00:00\" \/>\n<meta property=\"og:image\" content=\"https:\/\/www.unitedwelsh.com\/cy\/cy\/wp-content\/uploads\/sites\/3\/2020\/10\/Glan-Yr-Afon-new-300x191.png\" \/>\n<meta name=\"twitter:card\" content=\"summary_large_image\" \/>\n<meta name=\"twitter:label1\" content=\"Estimated reading time\" \/>\n\t<meta name=\"twitter:data1\" content=\"1 minute\" \/>\n<script type=\"application\/ld+json\" class=\"yoast-schema-graph\">{\"@context\":\"https:\/\/schema.org\",\"@graph\":[{\"@type\":\"WebPage\",\"@id\":\"https:\/\/www.unitedwelsh.com\/cy\/glan-yr-afon-new-tredegar\/\",\"url\":\"https:\/\/www.unitedwelsh.com\/cy\/glan-yr-afon-new-tredegar\/\",\"name\":\"Glan Yr Afon, New Tredegar - United Welsh Cymru\",\"isPartOf\":{\"@id\":\"https:\/\/www.unitedwelsh.com\/cy\/#website\"},\"primaryImageOfPage\":{\"@id\":\"https:\/\/www.unitedwelsh.com\/cy\/glan-yr-afon-new-tredegar\/#primaryimage\"},\"image\":{\"@id\":\"https:\/\/www.unitedwelsh.com\/cy\/glan-yr-afon-new-tredegar\/#primaryimage\"},\"thumbnailUrl\":\"https:\/\/www.unitedwelsh.com\/cy\/cy\/wp-content\/uploads\/sites\/3\/2020\/10\/Glan-Yr-Afon-new-300x191.png\",\"datePublished\":\"2020-10-06T09:01:18+00:00\",\"dateModified\":\"2020-10-07T10:58:22+00:00\",\"description\":\"Glan yr Afon provides homes for older people in New Tredegar with the Thrive team at United Welsh.\",\"inLanguage\":\"en-GB\",\"potentialAction\":[{\"@type\":\"ReadAction\",\"target\":[\"https:\/\/www.unitedwelsh.com\/cy\/glan-yr-afon-new-tredegar\/\"]}]},{\"@type\":\"ImageObject\",\"inLanguage\":\"en-GB\",\"@id\":\"https:\/\/www.unitedwelsh.com\/cy\/glan-yr-afon-new-tredegar\/#primaryimage\",\"url\":\"https:\/\/www.unitedwelsh.com\/cy\/cy\/wp-content\/uploads\/sites\/3\/2020\/10\/Glan-Yr-Afon-new-300x191.png\",\"contentUrl\":\"https:\/\/www.unitedwelsh.com\/cy\/cy\/wp-content\/uploads\/sites\/3\/2020\/10\/Glan-Yr-Afon-new-300x191.png\"},{\"@type\":\"WebSite\",\"@id\":\"https:\/\/www.unitedwelsh.com\/cy\/#website\",\"url\":\"https:\/\/www.unitedwelsh.com\/cy\/\",\"name\":\"United Welsh Cymru\",\"description\":\"United Welsh\",\"potentialAction\":[{\"@type\":\"SearchAction\",\"target\":{\"@type\":\"EntryPoint\",\"urlTemplate\":\"https:\/\/www.unitedwelsh.com\/cy\/?s={search_term_string}\"},\"query-input\":{\"@type\":\"PropertyValueSpecification\",\"valueRequired\":true,\"valueName\":\"search_term_string\"}}],\"inLanguage\":\"en-GB\"}]}<\/script>\n<!-- \/ Yoast SEO plugin. -->","yoast_head_json":{"title":"Glan Yr Afon, New Tredegar - United Welsh Cymru","description":"Glan yr Afon provides homes for older people in New Tredegar with the Thrive team at United Welsh.","robots":{"index":"index","follow":"follow","max-snippet":"max-snippet:-1","max-image-preview":"max-image-preview:large","max-video-preview":"max-video-preview:-1"},"canonical":"https:\/\/www.unitedwelsh.com\/cy\/glan-yr-afon-new-tredegar\/","og_locale":"en_GB","og_type":"article","og_title":"Glan Yr Afon, New Tredegar - United Welsh Cymru","og_description":"Glan yr Afon provides homes for older people in New Tredegar with the Thrive team at United Welsh.","og_url":"https:\/\/www.unitedwelsh.com\/cy\/glan-yr-afon-new-tredegar\/","og_site_name":"United Welsh Cymru","article_modified_time":"2020-10-07T10:58:22+00:00","og_image":[{"url":"https:\/\/www.unitedwelsh.com\/cy\/cy\/wp-content\/uploads\/sites\/3\/2020\/10\/Glan-Yr-Afon-new-300x191.png","type":"","width":"","height":""}],"twitter_card":"summary_large_image","twitter_misc":{"Estimated reading time":"1 minute"},"schema":{"@context":"https:\/\/schema.org","@graph":[{"@type":"WebPage","@id":"https:\/\/www.unitedwelsh.com\/cy\/glan-yr-afon-new-tredegar\/","url":"https:\/\/www.unitedwelsh.com\/cy\/glan-yr-afon-new-tredegar\/","name":"Glan Yr Afon, New Tredegar - United Welsh Cymru","isPartOf":{"@id":"https:\/\/www.unitedwelsh.com\/cy\/#website"},"primaryImageOfPage":{"@id":"https:\/\/www.unitedwelsh.com\/cy\/glan-yr-afon-new-tredegar\/#primaryimage"},"image":{"@id":"https:\/\/www.unitedwelsh.com\/cy\/glan-yr-afon-new-tredegar\/#primaryimage"},"thumbnailUrl":"https:\/\/www.unitedwelsh.com\/cy\/cy\/wp-content\/uploads\/sites\/3\/2020\/10\/Glan-Yr-Afon-new-300x191.png","datePublished":"2020-10-06T09:01:18+00:00","dateModified":"2020-10-07T10:58:22+00:00","description":"Glan yr Afon provides homes for older people in New Tredegar with the Thrive team at United Welsh.","inLanguage":"en-GB","potentialAction":[{"@type":"ReadAction","target":["https:\/\/www.unitedwelsh.com\/cy\/glan-yr-afon-new-tredegar\/"]}]},{"@type":"ImageObject","inLanguage":"en-GB","@id":"https:\/\/www.unitedwelsh.com\/cy\/glan-yr-afon-new-tredegar\/#primaryimage","url":"https:\/\/www.unitedwelsh.com\/cy\/cy\/wp-content\/uploads\/sites\/3\/2020\/10\/Glan-Yr-Afon-new-300x191.png","contentUrl":"https:\/\/www.unitedwelsh.com\/cy\/cy\/wp-content\/uploads\/sites\/3\/2020\/10\/Glan-Yr-Afon-new-300x191.png"},{"@type":"WebSite","@id":"https:\/\/www.unitedwelsh.com\/cy\/#website","url":"https:\/\/www.unitedwelsh.com\/cy\/","name":"United Welsh Cymru","description":"United Welsh","potentialAction":[{"@type":"SearchAction","target":{"@type":"EntryPoint","urlTemplate":"https:\/\/www.unitedwelsh.com\/cy\/?s={search_term_string}"},"query-input":{"@type":"PropertyValueSpecification","valueRequired":true,"valueName":"search_term_string"}}],"inLanguage":"en-GB"}]}},"_links":{"self":[{"href":"https:\/\/www.unitedwelsh.com\/cy\/wp-json\/wp\/v2\/pages\/1413","targetHints":{"allow":["GET"]}}],"collection":[{"href":"https:\/\/www.unitedwelsh.com\/cy\/wp-json\/wp\/v2\/pages"}],"about":[{"href":"https:\/\/www.unitedwelsh.com\/cy\/wp-json\/wp\/v2\/types\/page"}],"author":[{"embeddable":true,"href":"https:\/\/www.unitedwelsh.com\/cy\/wp-json\/wp\/v2\/users\/4"}],"replies":[{"embeddable":true,"href":"https:\/\/www.unitedwelsh.com\/cy\/wp-json\/wp\/v2\/comments?post=1413"}],"version-history":[{"count":7,"href":"https:\/\/www.unitedwelsh.com\/cy\/wp-json\/wp\/v2\/pages\/1413\/revisions"}],"predecessor-version":[{"id":1684,"href":"https:\/\/www.unitedwelsh.com\/cy\/wp-json\/wp\/v2\/pages\/1413\/revisions\/1684"}],"wp:attachment":[{"href":"https:\/\/www.unitedwelsh.com\/cy\/wp-json\/wp\/v2\/media?parent=1413"}],"curies":[{"name":"wp","href":"https:\/\/api.w.org\/{rel}","templated":true}]}}